{"id":560,"date":"2021-03-11T18:33:30","date_gmt":"2021-03-11T18:33:30","guid":{"rendered":"https:\/\/pravilo.md\/?page_id=560"},"modified":"2021-03-11T18:34:47","modified_gmt":"2021-03-11T18:34:47","slug":"vacoom","status":"publish","type":"page","link":"https:\/\/pravilo.md\/ro\/vacoom\/","title":{"rendered":"Vacuum-terapie"},"content":{"rendered":"<figure class=\"wp-block-image size-large is-style-default\"><img loading=\"lazy\" decoding=\"async\" width=\"840\" height=\"498\" src=\"https:\/\/pravilo.md\/wp-content\/uploads\/2021\/03\/2-\u0432\u0430\u043a\u0443\u0443\u043c\u043d\u043e-\u0433\u0440\u0430\u0434\u0438\u0435\u043d\u0442\u043d\u0430\u044f-\u0442\u0435\u0440\u0430\u043f\u0438\u044f-1.jpg\" alt=\"\" class=\"wp-image-561\" srcset=\"https:\/\/pravilo.md\/wp-content\/uploads\/2021\/03\/2-\u0432\u0430\u043a\u0443\u0443\u043c\u043d\u043e-\u0433\u0440\u0430\u0434\u0438\u0435\u043d\u0442\u043d\u0430\u044f-\u0442\u0435\u0440\u0430\u043f\u0438\u044f-1.jpg 840w, https:\/\/pravilo.md\/wp-content\/uploads\/2021\/03\/2-\u0432\u0430\u043a\u0443\u0443\u043c\u043d\u043e-\u0433\u0440\u0430\u0434\u0438\u0435\u043d\u0442\u043d\u0430\u044f-\u0442\u0435\u0440\u0430\u043f\u0438\u044f-1-300x178.jpg 300w, https:\/\/pravilo.md\/wp-content\/uploads\/2021\/03\/2-\u0432\u0430\u043a\u0443\u0443\u043c\u043d\u043e-\u0433\u0440\u0430\u0434\u0438\u0435\u043d\u0442\u043d\u0430\u044f-\u0442\u0435\u0440\u0430\u043f\u0438\u044f-1-768x455.jpg 768w, https:\/\/pravilo.md\/wp-content\/uploads\/2021\/03\/2-\u0432\u0430\u043a\u0443\u0443\u043c\u043d\u043e-\u0433\u0440\u0430\u0434\u0438\u0435\u043d\u0442\u043d\u0430\u044f-\u0442\u0435\u0440\u0430\u043f\u0438\u044f-1-16x9.jpg 16w\" sizes=\"auto, (max-width: 840px) 100vw, 840px\" \/><\/figure>\n\n\n\n<p class=\" translation-block\"><strong> Terapia cu gradient de vid <\/strong> (din latin\u0103 vacuum - vid) este un efect local asupra \u021besuturilor moi ale corpului cu aer cu o presiune sub presiunea atmosferic\u0103. Termenul \u201egradient\u201d din denumirea metodei \u00eenseamn\u0103 o c\u0103dere de presiune.Aceast\u0103 metod\u0103 se bazeaz\u0103 pe un mecanism reflex care \u00eencepe cu iritarea receptorilor pielii prin vidul creat \u00een borcan. Vidul provoac\u0103 o gr\u0103mad\u0103 local\u0103 de s\u00e2nge semnificativ\u0103 (de peste 140 de ori) c\u0103tre \u021besuturi. Intensitatea proceselor metabolice, imune \u0219i regenerative \u00een \u021besuturi cre\u0219te de zeci \u0219i sute de ori. De asemenea, \u00een zona de expunere la vid, se formeaz\u0103 substan\u021be biologic active - enzime care stimuleaz\u0103 metabolizarea, restaurarea \u0219i imunitatea<\/p>\n\n\n\n<p>reac\u021biile, care \u00eembun\u0103t\u0103\u021besc semnificativ starea \u021besuturilor \u0219i \u00een prezen\u021ba patologiei \u00een \u021besuturi, le \u00eendep\u0103rteaz\u0103.<\/p>\n\n\n\n<p>\u00cen plus, atunci c\u00e2nd sunt expuse la vid, se elibereaz\u0103 excre\u021bii de sudoare \u0219i glande sebacee. Acestea con\u021bin s\u0103ruri, uree, aceton\u0103 \u0219i acizi biliari, care \u00een anumite concentra\u021bii sunt toxice pentru organism.<\/p>\n\n\n\n<p>\u00cen timpul procedurii, se constat\u0103 apari\u021bia c\u0103ldurii, relax\u0103rii musculare, amelior\u0103rii durerii, odihnei \u0219i somnolen\u021bei, care persist\u0103 dup\u0103 terminarea expunerii timp de c\u00e2teva ore. Dup\u0103 procedur\u0103, mobilitatea coloanei vertebrale \u0219i a articula\u021biilor cre\u0219te, rigiditatea mu\u0219chilor spatelui \u0219i a membrelor scade \u0219i afectarea sensibilit\u0103\u021bii se \u00eembun\u0103t\u0103\u021be\u0219te. Masajul cu cupping are un efect minunat de vindecare pentru durerile de spate musculare. Terapia cu gradient de vid nu are analogi \u00een ceea ce prive\u0219te profunzimea impactului asupra \u021besuturilor moi, dep\u0103\u0219ind chiar \u0219i masajul manual.<\/p>\n\n\n\n<p><strong>Istoria metodei<\/strong><\/p>\n\n\n\n<p>Istoria utiliz\u0103rii conservelor \u00een scopuri medicinale este destul de veche. Chiar \u0219i oamenii primitivi, care c\u0103utau s\u0103 amelioreze durerea, foloseau \u201evase\u201d de s\u0103n\u0103tate - diferite vase, b\u0103nci etc. \u00cen r\u00e2ndul b\u0103\u0219tina\u0219ilor din Australia \u0219i America, rolul conservelor era jucat de coarnele goale ale unui bivol. Medicii greci \u0219i romani foloseau adesea borcane din bronz, sticl\u0103 \u0219i corn.<\/p>\n\n\n\n<p>\u00cen China, utilizarea conservelor \u00een scopuri medicinale are mai mult de 4.000 de ani de istorie. Ca borcane, chinezii foloseau ture de bambus sau c\u0103ni de ceai \u00eenalte. Se credea c\u0103 conservele pot fi folosite cu succes pentru tratarea bolilor articulare, colicilor, durerilor acute, pneumoniei \u0219i a altor boli. S-a mai ar\u0103tat c\u0103 conservele au efect antitoxic prin activarea secre\u021biei de sudoare \u0219i glande sebacee, care, pe l\u00e2ng\u0103 ap\u0103 \u0219i s\u0103ruri, con\u021bine uree, aceton\u0103, acizi gra\u0219i, bariu \u0219i alte substan\u021be. Ac\u021biunea cu vid cu ajutorul cutiilor a fost folosit\u0103 pe scar\u0103 larg\u0103 \u00een Rusia, \u00een special pentru a sc\u0103pa de r\u0103celi. Din medicina popular\u0103, utilizarea conservelor a fost introdus\u0103 treptat \u00een medicina oficial\u0103, \u00een principal prin eforturile medicilor entuzia\u0219ti individuali. \u00cen prezent, terapia cu gradient de vid nu numai c\u0103 teoretic \u0219i-a dovedit dreptul de a exista, dar \u0219i \u00een practic\u0103 demonstreaz\u0103 posibilit\u0103\u021bile unice de a trata o mare varietate de boli.<\/p>\n\n\n\n<p><strong>Important!<\/strong><\/p>\n\n\n\n<p>De multe ori dup\u0103 procedur\u0103, petele \u00eentunecate (extravazate) r\u0103m\u00e2n pe piele. C\u00e2nd plasa\u021bi cutii, are loc o expansiune moale a \u021besuturilor, iar vasele de s\u00e2nge cap\u0103t\u0103 aspectul de \u021besut \u00eentins, \u00een timp ce prin g\u0103urile care apar, elementele sanguine cad \u00een afara fluxului sanguin. Aceste micro-efuziuni dozate nu sunt un efect secundar, ci principalul remediu care include resursele proprii ale organismului (imunitatea). Dup\u0103 \u00eencetarea ac\u021biunii, nava \u00ee\u0219i ia forma original\u0103. Astfel, vasele sunt antrenate \u0219i elasticitatea lor restabilit\u0103.<\/p>\n\n\n\n<p>Petele ro\u0219ii cu mici hemoragii punctate indic\u0103 modific\u0103ri superficiale ale pielii, gr\u0103sime subcutanat\u0103, straturi superficiale ale mu\u0219chilor, fascia.<\/p>\n\n\n\n<p>Pete violet \u00eenchis cu o nuan\u021b\u0103 violet-alb\u0103strui, cu margini edematoase - acesta este un semn al unor procese stagnante puternice \u00een ad\u00e2ncurile \u021besuturilor.<\/p>\n\n\n\n<p>M\u00e2nc\u0103rimea este cauzat\u0103 de un exces de metaboli\u021bi toxici (produse metabolice intermediare) care se acumuleaz\u0103 \u00een organism ca urmare a tulbur\u0103rilor metabolice \u0219i a tulbur\u0103rilor tractului excretor.<\/p>\n\n\n\n<p>Este de remarcat faptul c\u0103, cu fiecare procedur\u0103 ulterioar\u0103, astfel de pete devin din ce \u00een ce mai pu\u021bin pronun\u021bate, se dizolv\u0103 mult mai repede \u0219i la sf\u00e2r\u0219itul cursului de tratament nu apar deloc.<\/p>\n\n\n\n<p><strong>Indica\u021bii \u0219i contraindica\u021bii<\/strong><\/p>\n\n\n\n<p>Indica\u021biile pentru terapia cu gradient de vid pentru bolile aparatului locomotor sunt dup\u0103 cum urmeaz\u0103:<\/p>\n\n\n\n<p class=\" translation-block\">1) fenomene ischemice congestive \u00een \u021besuturile moi (compactare muscular\u0103, contracturi, sindromul durerii miofasciale de localizare diferit\u0103); <br> 2) artrit\u0103 \u0219i artroz\u0103 a articula\u021biilor; <br> 3) consecin\u021be ale leziunilor sistemului musculo-scheletic (v\u00e2n\u0103t\u0103i, leziuni) la ligamente, mu\u0219chi, fracturi ale membrelor \u00een timpul \u0219i dup\u0103 imobilizare, contractur\u0103); <br> 4) tulbur\u0103ri de postur\u0103, scolioz\u0103.<\/p>\n\n\n\n<p>Contraindica\u021bii:<\/p>\n\n\n\n<p class=\" translation-block\">1) boli acute ale pielii inflamatorii \u0219i fungice; <br> 2) boli infec\u021bioase acute \u0219i afec\u021biuni febrile; <br> 3) perioad\u0103 acut\u0103 de traume cu hematom; <br> 4) scleroz\u0103 vascular\u0103 sever\u0103 cu tendin\u021b\u0103 de tromboz\u0103 \u0219i s\u00e2ngerare; <br> 5) boli decompensate ale sistemului cardiovascular;<\/p>\n\n\n\n<p class=\" translation-block\">6) vene varicoase; <br> 7) neoplasme maligne; <br> 8) epuizare sever\u0103 a corpului; <br> 9) s\u00e2nger\u0103ri crescute<\/p>\n\n\n\n<p class=\" translation-block\">Fiind unul dintre tipurile de <strong> masaj <\/strong>, care are o valoare terapeutic\u0103 important\u0103, <strong> <a href=\"https:\/\/gutaclinic.ru\/services\/massazh\/\" target=\"_self\"> cupping (vid) masajul <\/a> <\/strong> este apreciat \u00een special de speciali\u0219ti pentru necondi\u021bionat<\/p>\n\n\n\n<p>Datorit\u0103 fluxului sanguin destul de intens \u00een capilare, pielea t\u00e2n\u0103r\u0103 prime\u0219te suficient oxigen \u0219i nutri\u021bie, ceea ce \u00eei permite s\u0103 arate proasp\u0103t, s\u0103n\u0103tos \u0219i tonifiat. Odat\u0103 cu \u00eemb\u0103tr\u00e2nirea, fluxul de s\u00e2nge se deterioreaz\u0103, rezult\u00e2nd riduri, flasc\u0103, umflarea pielii, \u00ee\u0219i schimb\u0103 culoarea, devine uscat\u0103, pierde elasticitate \u0219i fermitate.<\/p>\n\n\n\n<p class=\" translation-block\"><strong> Cupping (masajul cu vid) <\/strong> este o ambulan\u021b\u0103 \u00een primul r\u00e2nd pentru circula\u021bia s\u00e2ngelui \u0219i pentru \u00eent\u0103rirea proceselor metabolice. <strong> <a href=\"https:\/\/gutaclinic.ru\/services\/massazh\/\" target=\"_self\"> Masajul sub vid <\/a> <\/strong> cre\u0219te fluxul sanguin \u00een s\u00e2ngele superficial \u0219i vasele limfatice, irit\u0103 termina\u021biile nervoase \u00een piele \u0219i \u021besut subcutanat, \u00eembun\u0103t\u0103\u021be\u0219te fluxul de s\u00e2nge arterial c\u0103tre \u021besuturi, cresc\u00e2nd astfel fluxul de oxigen \u0219i substan\u021be nutritive \u0219i \u00eembun\u0103t\u0103\u021bind drenajul limfatic.<\/p>\n\n\n\n<p class=\" translation-block\"><strong> Masajul de cupping <\/strong> este de ne\u00eenlocuit \u00een tratamentul profilactic al r\u0103celii \u0219i al bolilor inflamatorii, este foarte eficient pentru durerile musculare (de exemplu, dup\u0103 o supra\u00eenc\u0103rcare fizic\u0103). Speciali\u0219tii \u00een reabilitare folosesc <strong> masajul sub vid <\/strong> pentru vindecarea accelerat\u0103 a cicatricilor \u0219i vergeturilor postoperatorii \u0219i post-traumatice, precum \u0219i pentru resorb\u021bia edemului. Atunci c\u00e2nd este expus la puncte active, <strong> masajul sub vid <\/strong> este un remediu excelent pentru tratamentul durerilor de cap, tulbur\u0103rilor nervoase, bolilor ginecologice, insomniei.<\/p>\n\n\n\n<h2 class=\"wp-block-heading\">Tipuri de masaj cupping (vid)<\/h2>\n\n\n\n<h3 class=\"wp-block-heading\">Masaj cu role cu vid<\/h3>\n\n\n\n<p>Reduce foarte bine aspectul celulitei, lupt\u0103 \u00eempotriva \u201ecoaja de portocal\u0103\u201d, a excesului de gr\u0103sime corporal\u0103. Este utilizat \u00een principal ca metod\u0103 de modelare a zonei, modelarea corpului, ridicarea conturului corpului. Se efectueaz\u0103 \u00eentr-un mod de vid constant sau pulsatoriu.<\/p>\n\n\n\n<h3 class=\"wp-block-heading\">Cupaj masaj dinamic (glisant)<\/h3>\n\n\n\n<p>Dup\u0103 \u00eenmuierea pielii \u00een zona afectat\u0103, se utilizeaz\u0103 una sau mai multe cutii sau recipiente medicale. Dup\u0103 retragerea pielii cu 1-1,5 cm, recipientul se mi\u0219c\u0103 lin, f\u0103r\u0103 a rupe etan\u0219eitatea, f\u0103r\u0103 smucituri sau schimb\u0103ri bru\u0219te, pentru a evita r\u0103nirea vaselor de s\u00e2nge. Se efectueaz\u0103 \u00een modul de curent constant sau pulsatoriu \u00een acele zone \u00een care este dificil\u0103 utilizarea capetelor cu role (antebra\u021be, abdomen).<\/p>\n\n\n\n<p>Se recomand\u0103 efectuarea \u00een zonele cu cea mai vizibil\u0103 prezen\u021b\u0103 a stratului muscular-adipos (regiunea gluteal\u0103, coapse). Ro\u0219ea\u021ba persistent\u0103 a pielii indic\u0103 eficacitatea suficient\u0103 a masajului efectuat.<\/p>","protected":false},"excerpt":{"rendered":"<p>\u0412\u0430\u043a\u0443\u0443\u043c-\u0433\u0440\u0430\u0434\u0438\u0435\u043d\u0442\u043d\u0430\u044f \u0442\u0435\u0440\u0430\u043f\u0438\u044f\u00a0(\u043e\u0442 \u043b\u0430\u0442. vacuum &#8212; \u043f\u0443\u0441\u0442\u043e\u0442\u0430) &#8212; \u044d\u0442\u043e \u043b\u043e\u043a\u0430\u043b\u044c\u043d\u043e\u0435 \u0432\u043e\u0437\u0434\u0435\u0439\u0441\u0442\u0432\u0438\u0435 \u043d\u0430 \u043c\u044f\u0433\u043a\u0438\u0435 \u0442\u043a\u0430\u043d\u0438 \u043e\u0440\u0433\u0430\u043d\u0438\u0437\u043c\u0430 \u0432\u043e\u0437\u0434\u0443\u0445\u043e\u043c \u0441 \u0434\u0430\u0432\u043b\u0435\u043d\u0438\u0435\u043c \u043d\u0438\u0436\u0435 \u0430\u0442\u043c\u043e\u0441\u0444\u0435\u0440\u043d\u043e\u0433\u043e. \u0422\u0435\u0440\u043c\u0438\u043d &#171;\u0433\u0440\u0430\u0434\u0438\u0435\u043d\u0442&#187; \u0432 \u043d\u0430\u0437\u0432\u0430\u043d\u0438\u0438 \u043c\u0435\u0442\u043e\u0434\u0430 \u043e\u0437\u043d\u0430\u0447\u0430\u0435\u0442 \u043f\u0435\u0440\u0435\u043f\u0430\u0434 \u0434\u0430\u0432\u043b\u0435\u043d\u0438\u0439.\u0412 \u043e\u0441\u043d\u043e\u0432\u0435 \u044d\u0442\u043e\u0433\u043e \u043c\u0435\u0442\u043e\u0434\u0430 \u043b\u0435\u0436\u0438\u0442 \u0440\u0435\u0444\u043b\u0435\u043a\u0442\u043e\u0440\u043d\u044b\u0439 \u043c\u0435\u0445\u0430\u043d\u0438\u0437\u043c, \u043d\u0430\u0447\u0438\u043d\u0430\u044e\u0449\u0438\u0439\u0441\u044f \u0441 \u0440\u0430\u0437\u0434\u0440\u0430\u0436\u0435\u043d\u0438\u044f \u043a\u043e\u0436\u043d\u044b\u0445 \u0440\u0435\u0446\u0435\u043f\u0442\u043e\u0440\u043e\u0432 \u0441\u043e\u0437\u0434\u0430\u043d\u043d\u044b\u043c \u0432 \u0431\u0430\u043d\u043a\u0435 \u0432\u0430\u043a\u0443\u0443\u043c\u043e\u043c. \u0412\u0430\u043a\u0443\u0443\u043c \u0432\u044b\u0437\u044b\u0432\u0430\u0435\u0442 \u0437\u043d\u0430\u0447\u0438\u0442\u0435\u043b\u044c\u043d\u044b\u0439 (\u0431\u043e\u043b\u0435\u0435 \u0447\u0435\u043c \u0432 140 \u0440\u0430\u0437) \u043c\u0435\u0441\u0442\u043d\u044b\u0439 \u043f\u0440\u0438\u043b\u0438\u0432 \u043a\u0440\u043e\u0432\u0438 \u043a \u0442\u043a\u0430\u043d\u044f\u043c. [&hellip;]<\/p>","protected":false},"author":1,"featured_media":0,"parent":0,"menu_order":0,"comment_status":"closed","ping_status":"closed","template":"elementor_header_footer","meta":{"footnotes":""},"class_list":["post-560","page","type-page","status-publish","hentry"],"_links":{"self":[{"href":"https:\/\/pravilo.md\/ro\/wp-json\/wp\/v2\/pages\/560","targetHints":{"allow":["GET"]}}],"collection":[{"href":"https:\/\/pravilo.md\/ro\/wp-json\/wp\/v2\/pages"}],"about":[{"href":"https:\/\/pravilo.md\/ro\/wp-json\/wp\/v2\/types\/page"}],"author":[{"embeddable":true,"href":"https:\/\/pravilo.md\/ro\/wp-json\/wp\/v2\/users\/1"}],"replies":[{"embeddable":true,"href":"https:\/\/pravilo.md\/ro\/wp-json\/wp\/v2\/comments?post=560"}],"version-history":[{"count":1,"href":"https:\/\/pravilo.md\/ro\/wp-json\/wp\/v2\/pages\/560\/revisions"}],"predecessor-version":[{"id":562,"href":"https:\/\/pravilo.md\/ro\/wp-json\/wp\/v2\/pages\/560\/revisions\/562"}],"wp:attachment":[{"href":"https:\/\/pravilo.md\/ro\/wp-json\/wp\/v2\/media?parent=560"}],"curies":[{"name":"wp","href":"https:\/\/api.w.org\/{rel}","templated":true}]}}