{"id":616,"date":"2021-03-11T19:22:03","date_gmt":"2021-03-11T19:22:03","guid":{"rendered":"https:\/\/pravilo.md\/?page_id=616"},"modified":"2021-03-11T19:22:19","modified_gmt":"2021-03-11T19:22:19","slug":"apiterapia","status":"publish","type":"page","link":"https:\/\/pravilo.md\/ro\/apiterapia\/","title":{"rendered":"Apiterapie"},"content":{"rendered":"<p><strong>Apiterapie<\/strong><\/p>\n\n\n\n<figure class=\"wp-block-image size-large\"><img loading=\"lazy\" decoding=\"async\" width=\"600\" height=\"400\" src=\"https:\/\/pravilo.md\/wp-content\/uploads\/2021\/03\/9-\u0430\u043f\u0438\u0442\u0435\u0440\u0430\u043f\u0438\u044f-1.jpg\" alt=\"\" class=\"wp-image-618\" srcset=\"https:\/\/pravilo.md\/wp-content\/uploads\/2021\/03\/9-\u0430\u043f\u0438\u0442\u0435\u0440\u0430\u043f\u0438\u044f-1.jpg 600w, https:\/\/pravilo.md\/wp-content\/uploads\/2021\/03\/9-\u0430\u043f\u0438\u0442\u0435\u0440\u0430\u043f\u0438\u044f-1-300x200.jpg 300w, https:\/\/pravilo.md\/wp-content\/uploads\/2021\/03\/9-\u0430\u043f\u0438\u0442\u0435\u0440\u0430\u043f\u0438\u044f-1-16x12.jpg 16w\" sizes=\"auto, (max-width: 600px) 100vw, 600px\" \/><\/figure>\n\n\n\n<p>Toat\u0103 lumea \u0219tie despre propriet\u0103\u021bile curative ale mierii, dar mul\u021bi nici m\u0103car nu \u0219tiu c\u00e2t de util poate fi veninul de albine pentru oameni. \u00centre timp, o astfel de direc\u021bie a medicinei, cum ar fi apiterapia, c\u00e2\u0219tig\u0103 rapid popularitate.&nbsp;<\/p>\n\n\n\n<p class=\" translation-block\"><strong> APITERAPIA <\/strong> - utilizarea produselor apicole, inclusiv veninul de albine, pentru a vindeca organismul. Veninul de albine este destul de complex \u00een compozi\u021bia sa chimic\u0103, include mai mult de 50 de componente, inclusiv: minerale (fosfor, calciu, magneziu, cupru), acizi (clorhidric, formic, fosforic), gr\u0103simi \u0219i steroli, proteine \u200b\u200b\u0219i aminoacizi, carbohidra\u021bi ( glucoz\u0103, fructoz\u0103), acetilcolin\u0103 \u0219i histamin\u0103. Toate au un efect pozitiv asupra corpului uman, dar sarcina principal\u0103 \u00een tratamentul intep\u0103turii de albine este atribuit\u0103 peptidelor: melittina are efect antiinflamator \u0219i ucide bacteriile patogene, adolapina are efect analgezic, apamina are efect benefic asupra sistemului nervos, iar cardiopeptida stabilizeaz\u0103 sistemul cardiovascular. Un apiterapist cu experien\u021b\u0103 selecteaz\u0103 doza optim\u0103 de otrav\u0103 individual pentru fiecare pacient. \u0218edin\u021bele de \u00een\u021bep\u0103tur\u0103 de albine se desf\u0103\u0219oar\u0103 \u00een punctele bioactive ale corpului, fiecare boal\u0103 are propriile sale zone specifice de mu\u0219c\u0103tur\u0103. \u00cen medie, cursul de tratament dureaz\u0103 2-4 s\u0103pt\u0103m\u00e2ni.<\/p>\n\n\n\n<p><strong>CE ESTE UTILA PENTRU OBIENUL ALBINEI PENTRU CORP?<\/strong><\/p>\n\n\n\n<ul class=\"wp-block-list\"><li>are un efect analgezic \u0219i antiinflamator,<\/li><li>stimuleaz\u0103 munca inimii,<\/li><li>scade tensiunea arterial\u0103,<\/li><li>\u00eembun\u0103t\u0103\u021be\u0219te imunitatea,<\/li><li>ajut\u0103 la cur\u0103\u021barea corpului,<\/li><li>amelioreaz\u0103 umflarea \u0219i spasmele musculare,<\/li><li>reduce nivelul colesterolului \u0219i riscul form\u0103rii cheagurilor de s\u00e2nge,<\/li><li>\u00eembun\u0103t\u0103\u021be\u0219te func\u021bionarea tractului gastro-intestinal,<\/li><li>promoveaz\u0103 un somn bun,<\/li><li>are efect de \u00eentinerire.<\/li><\/ul>\n\n\n\n<p><strong>CE SE TRAT\u0102 PENTRU \u00ceNTORNIREA ALBINELOR?<\/strong><\/p>\n\n\n\n<ul class=\"wp-block-list\"><li>Boli ale sistemului nervos (osteocondroz\u0103, nevrit\u0103 \u0219i nevralgie, migrene, hernii de discuri ale coloanei vertebrale, scleroz\u0103 multipl\u0103, parkinsonism, paralizie cerebral\u0103, afec\u021biuni post-accident vascular cerebral, paralizie, poliomielit\u0103 etc.).<\/li><li>Boli ale sistemului respirator (bron\u0219it\u0103, astm, consecin\u021bele pleureziei etc.).<\/li><li class=\" translation-block\">Boli ale sistemului cardiovascular (angina pectoral\u0103, aritmii, consecin\u021be ale infarctului miocardic, miocardit\u0103, hipertensiune, tromboflebit\u0103, <a href=\"http:\/\/mediceya.ru\/license\/uznay-bolshe\/varikoznaya-bolezn.php\"> varice <\/a> etc.).<\/li><li>Boli ale tractului gastro-intestinal (ulcer peptic al stomacului \u0219i duodenului f\u0103r\u0103 exacerbare, gastroduodenit\u0103 cronic\u0103 etc.).<\/li><li class=\" translation-block\">Boli ale organelor genito-urinare (menopauz\u0103, tubar\u0103 \u0219i hormonal\u0103 <a href=\"http:\/\/mediceya.ru\/license\/uznay-bolshe\/besplodie.php\" target=\"_blank\" rel=\"noreferrer noopener\"> infertilitate <\/ a >, anexit\u0103 cronic\u0103, nereguli menstruale, tulbur\u0103ri sexuale, prostatit\u0103 cronic\u0103, <a href=\"http:\/\/mediceya.ru\/license\/uznay-bolshe\/impotentsiya.php\" target=\"_blank\" rel=\"noreferrer noopener\"> impoten\u021b\u0103 , adenom de prostat\u0103 <\/a> \u0219i altele).<\/li><li>Boli ale aparatului locomotor (deformarea osteoartritei, artritei \u0219i poliartritei, consecin\u021bele leziunilor coloanei vertebrale \u0219i ale articula\u021biilor, contracturi musculare etc.).<\/li><li>Boli endocrine \u0219i boli metabolice (tirotoxicoz\u0103, gut\u0103 etc.).<\/li><li>Boli ale pielii (psoriazis, neurodermatit\u0103, eczeme, prurit, dermatit\u0103 etc.).<\/li><li>Boli oculare (glaucom, miopie, hipermetropie etc.).<\/li><\/ul>\n\n\n\n<p>Veninul de albine activeaz\u0103 procesele fiziologice ale corpului, ac\u021bion\u00e2nd direct asupra sursei bolii \u0219i nu asupra simptomelor. Datorit\u0103 acestui fapt se poate ob\u021bine o vindecare complet\u0103.<\/p>\n\n\n\n<p><strong>CONTRAINDICA\u021aII LA APITERAPIE:<\/strong><\/p>\n\n\n\n<ul class=\"wp-block-list\"><li>intoleran\u021b\u0103 la veninul albinelor,<\/li><li>tuberculoz\u0103,<\/li><li>sarcin\u0103 \u0219i al\u0103ptare,<\/li><li>v\u00e2rsta de p\u00e2n\u0103 la 5 ani,<\/li><li>coagulare slab\u0103 a s\u00e2ngelui etc.<\/li><\/ul>","protected":false},"excerpt":{"rendered":"<p>\u0410\u043f\u0438\u0442\u0435\u0440\u0430\u043f\u0438\u044f \u041e \u0446\u0435\u043b\u0435\u0431\u043d\u044b\u0445 \u0441\u0432\u043e\u0439\u0441\u0442\u0432\u0430\u0445 \u043c\u0435\u0434\u0430 \u0438\u0437\u0432\u0435\u0441\u0442\u043d\u043e \u0432\u0441\u0435\u043c, \u0430 \u043e \u0442\u043e\u043c, \u043d\u0430 \u0441\u043a\u043e\u043b\u044c\u043a\u043e \u043f\u043e\u043b\u0435\u0437\u0435\u043d \u043c\u043e\u0436\u0435\u0442 \u0431\u044b\u0442\u044c \u0434\u043b\u044f \u0447\u0435\u043b\u043e\u0432\u0435\u043a\u0430 \u043f\u0447\u0435\u043b\u0438\u043d\u044b\u0439 \u044f\u0434, \u043c\u043d\u043e\u0433\u0438\u0435 \u0434\u0430\u0436\u0435 \u043d\u0435 \u0434\u043e\u0433\u0430\u0434\u044b\u0432\u0430\u044e\u0442\u0441\u044f. \u0410 \u043c\u0435\u0436\u0434\u0443 \u0442\u0435\u043c, \u0442\u0430\u043a\u043e\u0435 \u043d\u0430\u043f\u0440\u0430\u0432\u043b\u0435\u043d\u0438\u0435 \u043c\u0435\u0434\u0438\u0446\u0438\u043d\u044b, \u043a\u0430\u043a \u0430\u043f\u0438\u0442\u0435\u0440\u0430\u043f\u0438\u044f, \u0431\u044b\u0441\u0442\u0440\u043e \u043d\u0430\u0431\u0438\u0440\u0430\u0435\u0442 \u043f\u043e\u043f\u0443\u043b\u044f\u0440\u043d\u043e\u0441\u0442\u044c.&nbsp; \u0410\u041f\u0418\u0422\u0415\u0420\u0410\u041f\u0418\u042f&nbsp;&#8212; \u0438\u0441\u043f\u043e\u043b\u044c\u0437\u043e\u0432\u0430\u043d\u0438\u0435 \u043f\u0440\u043e\u0434\u0443\u043a\u0442\u043e\u0432 \u043f\u0447\u0435\u043b\u043e\u0432\u043e\u0434\u0441\u0442\u0432\u0430, \u0432 \u0442\u043e\u043c \u0447\u0438\u0441\u043b\u0435 \u043f\u0447\u0435\u043b\u0438\u043d\u043e\u0433\u043e \u044f\u0434\u0430, \u0434\u043b\u044f \u043e\u0437\u0434\u043e\u0440\u043e\u0432\u043b\u0435\u043d\u0438\u044f \u043e\u0440\u0433\u0430\u043d\u0438\u0437\u043c\u0430. \u041f\u0447\u0435\u043b\u0438\u043d\u044b\u0439 \u044f\u0434 \u0434\u043e\u0432\u043e\u043b\u044c\u043d\u043e \u0441\u043b\u043e\u0436\u0435\u043d \u043f\u043e \u0441\u0432\u043e\u0435\u043c\u0443 \u0445\u0438\u043c\u0438\u0447\u0435\u0441\u043a\u043e\u043c\u0443 \u0441\u043e\u0441\u0442\u0430\u0432\u0443, \u0432 [&hellip;]<\/p>","protected":false},"author":1,"featured_media":0,"parent":0,"menu_order":0,"comment_status":"closed","ping_status":"closed","template":"elementor_header_footer","meta":{"footnotes":""},"class_list":["post-616","page","type-page","status-publish","hentry"],"_links":{"self":[{"href":"https:\/\/pravilo.md\/ro\/wp-json\/wp\/v2\/pages\/616","targetHints":{"allow":["GET"]}}],"collection":[{"href":"https:\/\/pravilo.md\/ro\/wp-json\/wp\/v2\/pages"}],"about":[{"href":"https:\/\/pravilo.md\/ro\/wp-json\/wp\/v2\/types\/page"}],"author":[{"embeddable":true,"href":"https:\/\/pravilo.md\/ro\/wp-json\/wp\/v2\/users\/1"}],"replies":[{"embeddable":true,"href":"https:\/\/pravilo.md\/ro\/wp-json\/wp\/v2\/comments?post=616"}],"version-history":[{"count":1,"href":"https:\/\/pravilo.md\/ro\/wp-json\/wp\/v2\/pages\/616\/revisions"}],"predecessor-version":[{"id":619,"href":"https:\/\/pravilo.md\/ro\/wp-json\/wp\/v2\/pages\/616\/revisions\/619"}],"wp:attachment":[{"href":"https:\/\/pravilo.md\/ro\/wp-json\/wp\/v2\/media?parent=616"}],"curies":[{"name":"wp","href":"https:\/\/api.w.org\/{rel}","templated":true}]}}