{"id":629,"date":"2021-03-11T19:27:27","date_gmt":"2021-03-11T19:27:27","guid":{"rendered":"https:\/\/pravilo.md\/?page_id=629"},"modified":"2021-03-11T19:27:43","modified_gmt":"2021-03-11T19:27:43","slug":"classic-massage","status":"publish","type":"page","link":"https:\/\/pravilo.md\/ro\/classic-massage\/","title":{"rendered":"Masaj clasic"},"content":{"rendered":"<figure class=\"wp-block-image size-large\"><img loading=\"lazy\" decoding=\"async\" width=\"1024\" height=\"608\" src=\"https:\/\/pravilo.md\/wp-content\/uploads\/2021\/03\/4.1-\u043a\u043b\u0430\u0441\u0441\u0438\u0447\u0435\u0441\u043a\u0438\u0439-\u043c\u0430\u0441\u0441\u0430\u04361-1.jpg\" alt=\"\" class=\"wp-image-631\" srcset=\"https:\/\/pravilo.md\/wp-content\/uploads\/2021\/03\/4.1-\u043a\u043b\u0430\u0441\u0441\u0438\u0447\u0435\u0441\u043a\u0438\u0439-\u043c\u0430\u0441\u0441\u0430\u04361-1.jpg 1024w, https:\/\/pravilo.md\/wp-content\/uploads\/2021\/03\/4.1-\u043a\u043b\u0430\u0441\u0441\u0438\u0447\u0435\u0441\u043a\u0438\u0439-\u043c\u0430\u0441\u0441\u0430\u04361-1-300x178.jpg 300w, https:\/\/pravilo.md\/wp-content\/uploads\/2021\/03\/4.1-\u043a\u043b\u0430\u0441\u0441\u0438\u0447\u0435\u0441\u043a\u0438\u0439-\u043c\u0430\u0441\u0441\u0430\u04361-1-768x456.jpg 768w, https:\/\/pravilo.md\/wp-content\/uploads\/2021\/03\/4.1-\u043a\u043b\u0430\u0441\u0441\u0438\u0447\u0435\u0441\u043a\u0438\u0439-\u043c\u0430\u0441\u0441\u0430\u04361-1-16x10.jpg 16w\" sizes=\"auto, (max-width: 1024px) 100vw, 1024px\" \/><\/figure>\n\n\n\n<p class=\" translation-block\"><strong> <a href=\"https:\/\/gutaclinic.ru\/services\/massazh\/\" target=\"_self\"> Masajul clasic <\/a> <\/strong> este una dintre cele mai moderne metode de tratament \u0219i prevenire a multor persoane boli. <strong> Masajul clasic <\/strong> nu numai c\u0103 amelioreaz\u0103 durerea, umflarea, aderen\u021bele, normalizeaz\u0103 func\u021biile organelor \u0219i sistemelor, dar accelereaz\u0103 \u0219i procesele de regenerare a \u021besuturilor r\u0103nite, restabile\u0219te tonusul muscular, cre\u0219te eficien\u021ba sistemului musculo-scheletic, \u00eent\u0103re\u0219te aparat articular-ligamentar, oferind efect de restaurare asupra corpului.<\/p>\n\n\n\n<p class=\" translation-block\">De fapt, <strong> masajul clasic <\/strong> este un masaj manual pe \u00eentreaga suprafa\u021b\u0103 a corpului (masaj general) sau zonele sale individuale (masaj local). \u00cen func\u021bie de durata expunerii \u0219i de for\u021ba aplicat\u0103, <strong> masajul clasic <\/strong> poate fi at\u00e2t relaxant, c\u00e2t \u0219i revigorant.<\/p>\n\n\n\n<figure class=\"wp-block-image size-large\"><img loading=\"lazy\" decoding=\"async\" width=\"1024\" height=\"682\" src=\"https:\/\/pravilo.md\/wp-content\/uploads\/2021\/03\/4.1-\u043a\u043b\u0430\u0441\u0441\u0438\u0447\u0435\u0441\u043a\u0438\u0439-\u043c\u0430\u0441\u0441\u0430\u04362-1.jpg\" alt=\"\" class=\"wp-image-632\" srcset=\"https:\/\/pravilo.md\/wp-content\/uploads\/2021\/03\/4.1-\u043a\u043b\u0430\u0441\u0441\u0438\u0447\u0435\u0441\u043a\u0438\u0439-\u043c\u0430\u0441\u0441\u0430\u04362-1.jpg 1024w, https:\/\/pravilo.md\/wp-content\/uploads\/2021\/03\/4.1-\u043a\u043b\u0430\u0441\u0441\u0438\u0447\u0435\u0441\u043a\u0438\u0439-\u043c\u0430\u0441\u0441\u0430\u04362-1-300x200.jpg 300w, https:\/\/pravilo.md\/wp-content\/uploads\/2021\/03\/4.1-\u043a\u043b\u0430\u0441\u0441\u0438\u0447\u0435\u0441\u043a\u0438\u0439-\u043c\u0430\u0441\u0441\u0430\u04362-1-768x512.jpg 768w, https:\/\/pravilo.md\/wp-content\/uploads\/2021\/03\/4.1-\u043a\u043b\u0430\u0441\u0441\u0438\u0447\u0435\u0441\u043a\u0438\u0439-\u043c\u0430\u0441\u0441\u0430\u04362-1-16x12.jpg 16w\" sizes=\"auto, (max-width: 1024px) 100vw, 1024px\" \/><\/figure>\n\n\n\n<p class=\" translation-block\"><strong> Masajul clasic <\/strong> include implementarea a patru tehnici de baz\u0103 - m\u00e2ng\u00e2iere, frecare, vibra\u021bii, fr\u0103m\u00e2ntare. <strong> Masajul clasic <\/strong> poate fi efectuat at\u00e2t \u00eempotriva fluxului limfei, c\u00e2t \u0219i de-a lungul mi\u0219c\u0103rii limfei \u00een vase, nuan\u021bele sunt \u00eentotdeauna determinate de medic, pe baza indica\u021biilor pentru un anumit pacient. Tehnicile auxiliare ale <strong> masajului clasic <\/strong> sunt \u00eemp\u00e2slirea, schimbarea, zv\u00e2cnirea etc. Pentru o alunecare mai bun\u0103 a m\u00e2inilor maseurului, se folosesc de obicei uleiuri speciale de masaj (uneori aromate) sau lo\u021biuni.<\/p>\n\n\n\n\n\n<p class=\" translation-block\"><strong> Masajul clasic <\/strong> este un instrument excelent pentru \u00eent\u0103rirea s\u0103n\u0103t\u0103\u021bii, relaxarea corpului, ridicarea nivelului general al st\u0103rii func\u021bionale a corpului \u0219i prevenirea bolilor. \u00cen timpul procedurii de <strong> masaj clasic <\/strong>, produsele de degradare, zgur\u0103 \u0219i toxine sunt \u00eendep\u0103rtate, gr\u0103simile \u0219i pielea sunt descompuse, netezite, devenind elastice \u0219i elastice, iar aspectul celulitei este redus. <strong> Masajul clasic <\/strong> a fost folosit de mult timp de speciali\u0219ti ca o completare de succes la alte proceduri fizioterapeutice - balneoterapie, talasoterapie, peeling, \u00eempachet\u0103ri corporale, m\u0103\u0219ti. <strong> <a href=\"https:\/\/gutaclinic.ru\/services\/massazh\/\" target=\"_self\"> masajul clasic <\/a> <\/strong> are un efect deosebit de vizibil atunci c\u00e2nd urmezi cursuri de 2-3 ori pe an .<\/p>","protected":false},"excerpt":{"rendered":"<p>\u041a\u043b\u0430\u0441\u0441\u0438\u0447\u0435\u0441\u043a\u0438\u0439 \u043c\u0430\u0441\u0441\u0430\u0436&nbsp;\u2013 \u043e\u0434\u0438\u043d \u0438\u0437 \u0441\u0430\u043c\u044b\u0445 \u0441\u043e\u0432\u0440\u0435\u043c\u0435\u043d\u043d\u044b\u0445 \u043c\u0435\u0442\u043e\u0434\u043e\u0432 \u043b\u0435\u0447\u0435\u043d\u0438\u044f \u0438 \u043f\u0440\u043e\u0444\u0438\u043b\u0430\u043a\u0442\u0438\u043a\u0438 \u043c\u043d\u043e\u0436\u0435\u0441\u0442\u0432\u0430 \u0437\u0430\u0431\u043e\u043b\u0435\u0432\u0430\u043d\u0438\u0439.&nbsp;\u041a\u043b\u0430\u0441\u0441\u0438\u0447\u0435\u0441\u043a\u0438\u0439 \u043c\u0430\u0441\u0441\u0430\u0436&nbsp;\u043d\u0435 \u0442\u043e\u043b\u044c\u043a\u043e \u0441\u043d\u0438\u043c\u0430\u0435\u0442 \u0431\u043e\u043b\u044c, \u043e\u0442\u0435\u043a\u0438, \u0441\u043f\u0430\u0439\u043a\u0438, \u043d\u043e\u0440\u043c\u0430\u043b\u0438\u0437\u0443\u0435\u0442 \u0444\u0443\u043d\u043a\u0446\u0438\u0438 \u043e\u0440\u0433\u0430\u043d\u043e\u0432 \u0438 \u0441\u0438\u0441\u0442\u0435\u043c, \u043d\u043e \u0438 \u0443\u0441\u043a\u043e\u0440\u044f\u0435\u0442 \u043f\u0440\u043e\u0446\u0435\u0441\u0441\u044b \u0440\u0435\u0433\u0435\u043d\u0435\u0440\u0430\u0446\u0438\u0438 \u0442\u0440\u0430\u0432\u043c\u0438\u0440\u043e\u0432\u0430\u043d\u043d\u044b\u0445 \u0442\u043a\u0430\u043d\u0435\u0439, \u0432\u043e\u0441\u0441\u0442\u0430\u043d\u0430\u0432\u043b\u0438\u0432\u0430\u0435\u0442 \u0442\u043e\u043d\u0443\u0441 \u043c\u044b\u0448\u0446, \u043f\u043e\u0432\u044b\u0448\u0430\u0435\u0442 \u0440\u0430\u0431\u043e\u0442\u043e\u0441\u043f\u043e\u0441\u043e\u0431\u043d\u043e\u0441\u0442\u044c \u043a\u043e\u0441\u0442\u043d\u043e-\u043c\u044b\u0448\u0435\u0447\u043d\u043e\u0439 \u0441\u0438\u0441\u0442\u0435\u043c\u044b, \u0443\u043a\u0440\u0435\u043f\u043b\u044f\u0435\u0442 \u0441\u0443\u0441\u0442\u0430\u0432\u043d\u043e-\u0441\u0432\u044f\u0437\u043e\u0447\u043d\u044b\u0439 \u0430\u043f\u043f\u0430\u0440\u0430\u0442, \u043e\u043a\u0430\u0437\u044b\u0432\u0430\u044f \u043e\u0431\u0449\u0435\u0443\u043a\u0440\u0435\u043f\u043b\u044f\u044e\u0449\u0435\u0435 \u0434\u0435\u0439\u0441\u0442\u0432\u0438\u0435 \u043d\u0430 \u043e\u0440\u0433\u0430\u043d\u0438\u0437\u043c. \u041f\u043e \u0441\u0443\u0442\u0438&nbsp;\u043a\u043b\u0430\u0441\u0441\u0438\u0447\u0435\u0441\u043a\u0438\u0439 \u043c\u0430\u0441\u0441\u0430\u0436&nbsp;\u2013 \u044d\u0442\u043e \u0440\u0443\u0447\u043d\u043e\u0439 \u043c\u0430\u0441\u0441\u0430\u0436 \u0432\u0441\u0435\u0439 \u043f\u043e\u0432\u0435\u0440\u0445\u043d\u043e\u0441\u0442\u0438 \u0442\u0435\u043b\u0430 (\u043e\u0431\u0449\u0438\u0439 [&hellip;]<\/p>","protected":false},"author":1,"featured_media":0,"parent":0,"menu_order":0,"comment_status":"closed","ping_status":"closed","template":"elementor_header_footer","meta":{"footnotes":""},"class_list":["post-629","page","type-page","status-publish","hentry"],"_links":{"self":[{"href":"https:\/\/pravilo.md\/ro\/wp-json\/wp\/v2\/pages\/629","targetHints":{"allow":["GET"]}}],"collection":[{"href":"https:\/\/pravilo.md\/ro\/wp-json\/wp\/v2\/pages"}],"about":[{"href":"https:\/\/pravilo.md\/ro\/wp-json\/wp\/v2\/types\/page"}],"author":[{"embeddable":true,"href":"https:\/\/pravilo.md\/ro\/wp-json\/wp\/v2\/users\/1"}],"replies":[{"embeddable":true,"href":"https:\/\/pravilo.md\/ro\/wp-json\/wp\/v2\/comments?post=629"}],"version-history":[{"count":1,"href":"https:\/\/pravilo.md\/ro\/wp-json\/wp\/v2\/pages\/629\/revisions"}],"predecessor-version":[{"id":633,"href":"https:\/\/pravilo.md\/ro\/wp-json\/wp\/v2\/pages\/629\/revisions\/633"}],"wp:attachment":[{"href":"https:\/\/pravilo.md\/ro\/wp-json\/wp\/v2\/media?parent=629"}],"curies":[{"name":"wp","href":"https:\/\/api.w.org\/{rel}","templated":true}]}}