{"id":655,"date":"2021-03-11T19:36:06","date_gmt":"2021-03-11T19:36:06","guid":{"rendered":"https:\/\/pravilo.md\/?page_id=655"},"modified":"2021-03-11T19:36:17","modified_gmt":"2021-03-11T19:36:17","slug":"dynamic","status":"publish","type":"page","link":"https:\/\/pravilo.md\/ro\/dynamic\/","title":{"rendered":"Masaj \u0219oc-dinamic"},"content":{"rendered":"<figure class=\"wp-block-image size-large\"><img loading=\"lazy\" decoding=\"async\" width=\"604\" height=\"334\" src=\"https:\/\/pravilo.md\/wp-content\/uploads\/2021\/03\/4.4-\u0443\u0434\u0430\u0440\u043d\u043e-\u0434\u0438\u043d\u0430\u043c\u0438\u0447\u0435\u0441\u043a\u0438\u0439-\u043c\u0430\u0441\u0441\u0430\u04363.jpg\" alt=\"\" class=\"wp-image-656\" srcset=\"https:\/\/pravilo.md\/wp-content\/uploads\/2021\/03\/4.4-\u0443\u0434\u0430\u0440\u043d\u043e-\u0434\u0438\u043d\u0430\u043c\u0438\u0447\u0435\u0441\u043a\u0438\u0439-\u043c\u0430\u0441\u0441\u0430\u04363.jpg 604w, https:\/\/pravilo.md\/wp-content\/uploads\/2021\/03\/4.4-\u0443\u0434\u0430\u0440\u043d\u043e-\u0434\u0438\u043d\u0430\u043c\u0438\u0447\u0435\u0441\u043a\u0438\u0439-\u043c\u0430\u0441\u0441\u0430\u04363-300x166.jpg 300w, https:\/\/pravilo.md\/wp-content\/uploads\/2021\/03\/4.4-\u0443\u0434\u0430\u0440\u043d\u043e-\u0434\u0438\u043d\u0430\u043c\u0438\u0447\u0435\u0441\u043a\u0438\u0439-\u043c\u0430\u0441\u0441\u0430\u04363-16x9.jpg 16w\" sizes=\"auto, (max-width: 604px) 100vw, 604px\" \/><\/figure>\n\n\n\n<p class=\" translation-block\"><strong> Masajul dinamic cu impact <\/strong> este o metod\u0103 de tratare a pacien\u021bilor cu boli acute \u0219i cronice ale organelor interne, ale organelor circulatorii, ale sistemului nervos \u0219i ale aparatului locomotor. Masajul include diagnosticare - determinarea zonelor dureroase \u0219i a zonelor adezive pe corp prin ac\u021biune profund\u0103 cu m\u00e2inile.<\/p>\n\n\n\n<p class=\" translation-block\">Tratamentul se efectueaz\u0103 datorit\u0103 <strong> \u00eenc\u0103lzirii <\/strong> profunde \u0219i <strong> efectului vibra\u021biei <\/strong> asupra \u021besuturilor, vaselor de s\u00e2nge, ligamentelor \u0219i mu\u0219chilor. Masajul dinamic de \u0219oc activeaz\u0103 circula\u021bia s\u00e2ngelui, fluxul limfatic, mi\u0219carea tuturor fluidelor din corp, amelioreaz\u0103 spasmul muscular, restabile\u0219te inerva\u021bia.<\/p>\n\n\n\n<p class=\" translation-block\"><strong> B\u0103t\u0103i (paturi) + vid <\/strong> - sl\u0103birea conglomeratelor grosiere \u0219i dense de forma\u021biuni tisulare cu ruperea leg\u0103turilor lor macro \u0219i micromoleculare, care are loc din cauza microexploziilor metabolice locale - o eliberare instantanee a multor mediatori \u0219i hormoni (histamina, serotonina, prostaglandinele, brabikinina, kininele etc.), sinteza oxidului nitric. Fagocitoza este activat\u0103. Interac\u021biunea celulelor infiltratului inflamator (macrofag - limfocit) declan\u0219eaz\u0103 sistemul imunitar de ap\u0103rare al organismului. Exist\u0103 o normalizare a hemodinamicii afectate, activarea elementelor celulare tisulare - fibroblaste, macrofage - principalii participan\u021bi la reac\u021bia regenerativ\u0103-reparativ\u0103 \u00een zona afectat\u0103.<\/p>\n\n\n\n<figure class=\"wp-block-image size-large\"><img loading=\"lazy\" decoding=\"async\" width=\"1000\" height=\"667\" src=\"https:\/\/pravilo.md\/wp-content\/uploads\/2021\/03\/4.4-\u0443\u0434\u0430\u0440\u043d\u043e-\u0434\u0438\u043d\u0430\u043c\u0438\u0447\u0435\u0441\u043a\u0438\u0439-\u043c\u0430\u0441\u0441\u0430\u04361-1.jpg\" alt=\"\" class=\"wp-image-657\" srcset=\"https:\/\/pravilo.md\/wp-content\/uploads\/2021\/03\/4.4-\u0443\u0434\u0430\u0440\u043d\u043e-\u0434\u0438\u043d\u0430\u043c\u0438\u0447\u0435\u0441\u043a\u0438\u0439-\u043c\u0430\u0441\u0441\u0430\u04361-1.jpg 1000w, https:\/\/pravilo.md\/wp-content\/uploads\/2021\/03\/4.4-\u0443\u0434\u0430\u0440\u043d\u043e-\u0434\u0438\u043d\u0430\u043c\u0438\u0447\u0435\u0441\u043a\u0438\u0439-\u043c\u0430\u0441\u0441\u0430\u04361-1-300x200.jpg 300w, https:\/\/pravilo.md\/wp-content\/uploads\/2021\/03\/4.4-\u0443\u0434\u0430\u0440\u043d\u043e-\u0434\u0438\u043d\u0430\u043c\u0438\u0447\u0435\u0441\u043a\u0438\u0439-\u043c\u0430\u0441\u0441\u0430\u04361-1-768x512.jpg 768w, https:\/\/pravilo.md\/wp-content\/uploads\/2021\/03\/4.4-\u0443\u0434\u0430\u0440\u043d\u043e-\u0434\u0438\u043d\u0430\u043c\u0438\u0447\u0435\u0441\u043a\u0438\u0439-\u043c\u0430\u0441\u0441\u0430\u04361-1-16x12.jpg 16w\" sizes=\"auto, (max-width: 1000px) 100vw, 1000px\" \/><\/figure>\n\n\n\n<h2 class=\"wp-block-heading\">Indica\u021bii<\/h2>\n\n\n\n<p>Boli acute \u0219i cronice:<\/p>\n\n\n\n<ul class=\"wp-block-list\"><li>aparat locomotor: osseocondroz\u0103, articula\u021bii, dureri, \u021besuturi etc.<\/li><li>tract gastrointestinal.<\/li><li>organele circulatorii.<\/li><li>boli pulmonare.<\/li><li>sistem nervos.<\/li><li>infec\u021bioase.<\/li><li>infertilitate, impoten\u021b\u0103.<\/li><\/ul>\n\n\n\n\n\n<h2 class=\"wp-block-heading\">Masajul dinamic cu impact promoveaz\u0103:<\/h2>\n\n\n\n<ul class=\"wp-block-list\"><li>Normalizarea func\u021biilor sistemului nervos.<\/li><li>\u00cembun\u0103t\u0103\u021birea fluxului sanguin \u0219i a fluxului limfatic.<\/li><li>Activarea metabolismului local.<\/li><li>Eliminarea metaboli\u021bilor acizi \u0219i a altor substan\u021be care provoac\u0103 dureri din organism.<\/li><li>Reducerea spasmului vaselor de s\u00e2nge locale \u0219i a mu\u0219chilor netezi.<\/li><li>Elimina\u021bi simptomele compresiei nervului periferic.<\/li><li>Normalizarea tensiunii arteriale crescute.<\/li><li>Sc\u0103derea pH-ului s\u00e2ngelui arterial.<\/li><li>Activarea oxigen\u0103rii \u021besuturilor.<\/li><li>Recuperarea \u0219i cre\u0219terea performan\u021bei fizice \u0219i mentale.<\/li><li>Eliminarea sindromului durerii cu radiculit\u0103, miozit\u0103, osteocondroz\u0103 etc.<\/li><li>\u00cent\u0103rirea func\u021biei urinare a rinichilor \u0219i excre\u021bia diferitelor s\u0103ruri \u00een urin\u0103.<\/li><li>Efect de ameliorare a durerii datorat eliber\u0103rii de opiacee endogene \u0219i serotonin\u0103.<\/li><li>Apari\u021bia extravasatelor (substan\u021be biologic active care stimuleaz\u0103 func\u021bia trofic\u0103 adaptativ\u0103).<\/li><li>Refacerea activit\u0103\u021bii organelor interne: bron\u0219it\u0103 cronic\u0103, astm bron\u0219ic, gastrit\u0103, colit\u0103, constipa\u021bie, infec\u021bii respiratorii acute, grip\u0103 etc.<\/li><\/ul>\n\n\n\n<p><strong>Procedur\u0103<\/strong><\/p>\n\n\n\n<p>Masajul dinamic de impact \u00eencepe cu diagnosticare prin m\u00e2ng\u00e2ieri u\u0219oare, b\u0103t\u00e2nd suprafa\u021ba pielii corpului \u0219i \u00eemping\u00e2nd m\u00e2inile - astfel, se determin\u0103 prezen\u021ba zonelor dureroase \u0219i a zonelor adezive.<\/p>\n\n\n\n<p>Mai mult, pe zonele selectate, masajul se efectueaz\u0103 folosind o palm\u0103, cauciuc moale \u0219i borcane de sticl\u0103 p\u00e2n\u0103 c\u00e2nd apare ro\u0219ea\u021b\u0103 hematatoas\u0103 pe zona afectat\u0103: puterea masajului \u0219i frecven\u021ba palmelor sunt ajustate \u00een func\u021bie de pragul individual de durere al pacientului.<\/p>\n\n\n\n<p><strong>Recuperare<\/strong><\/p>\n\n\n\n<p>Recuperarea unui organ care are tulbur\u0103ri func\u021bionale este judecat\u0103 de dispari\u021bia ro\u0219ea\u021bei hematose \u00een procesul de expunere ulterioar\u0103. De regul\u0103, recuperarea are loc dup\u0103 3-5 \u0219edin\u021be de masaj.<\/p>\n\n\n\n<p><strong>Caracteristici ale<\/strong><\/p>\n\n\n\n<p>Masajul dinamic de impact este o procedur\u0103 foarte eficient\u0103, dar oarecum dureroas\u0103. Masajul este \u00eenso\u021bit de apari\u021bia ro\u0219ii hematose pe piele, care dispare complet dup\u0103 3-5 zile.<\/p>\n\n\n\n<p><strong>Contraindica\u021bii<\/strong><\/p>\n\n\n\n<p>Acestea corespund contraindica\u021biilor generale pentru masaj: varice, sarcin\u0103, infarct, cancer, epilepsie, inflama\u021bie acut\u0103 \u0219i boli infec\u021bioase.<\/p>","protected":false},"excerpt":{"rendered":"<p>\u0423\u0434\u0430\u0440\u043d\u043e-\u0434\u0438\u043d\u0430\u043c\u0438\u0447\u0435\u0441\u043a\u0438\u0439 \u043c\u0430\u0441\u0441\u0430\u0436&nbsp;&#8212; \u044d\u0442\u043e \u0441\u043f\u043e\u0441\u043e\u0431 \u043b\u0435\u0447\u0435\u043d\u0438\u044f \u0431\u043e\u043b\u044c\u043d\u044b\u0445 \u0441 \u043e\u0441\u0442\u0440\u044b\u043c\u0438 \u0438 \u0445\u0440\u043e\u043d\u0438\u0447\u0435\u0441\u043a\u0438\u043c\u0438 \u0437\u0430\u0431\u043e\u043b\u0435\u0432\u0430\u043d\u0438\u044f\u043c\u0438 \u0432\u043d\u0443\u0442\u0440\u0435\u043d\u043d\u0438\u0445 \u043e\u0440\u0433\u0430\u043d\u043e\u0432, \u043e\u0440\u0433\u0430\u043d\u043e\u0432 \u043a\u0440\u043e\u0432\u043e\u043e\u0431\u0440\u0430\u0449\u0435\u043d\u0438\u044f, \u043d\u0435\u0440\u0432\u043d\u043e\u0439 \u0441\u0438\u0441\u0442\u0435\u043c\u044b \u0438 \u043e\u043f\u043e\u0440\u043d\u043e-\u0434\u0432\u0438\u0433\u0430\u0442\u0435\u043b\u044c\u043d\u043e\u0433\u043e \u0430\u043f\u043f\u0430\u0440\u0430\u0442\u0430. \u041c\u0430\u0441\u0441\u0430\u0436 \u0432\u043a\u043b\u044e\u0447\u0430\u0435\u0442 \u0432 \u0441\u0435\u0431\u044f \u0434\u0438\u0430\u0433\u043d\u043e\u0441\u0442\u0438\u043a\u0443 &#8212; \u043e\u043f\u0440\u0435\u0434\u0435\u043b\u0435\u043d\u0438\u0435 \u0431\u043e\u043b\u0435\u0432\u044b\u0445 \u0443\u0447\u0430\u0441\u0442\u043a\u043e\u0432 \u0438 \u0441\u043f\u0430\u0435\u0447\u043d\u044b\u0445 \u043e\u0431\u043b\u0430\u0441\u0442\u0435\u0439 \u043d\u0430 \u0442\u0435\u043b\u0435 \u043f\u0443\u0442\u0451\u043c \u0433\u043b\u0443\u0431\u043e\u043a\u043e\u0433\u043e \u043f\u0440\u043e\u0434\u0430\u0432\u043b\u0438\u0432\u0430\u044e\u0449\u0435\u0433\u043e \u0432\u043e\u0437\u0434\u0435\u0439\u0441\u0442\u0432\u0438\u044f \u0440\u0443\u043a\u0430\u043c\u0438. \u041b\u0435\u0447\u0435\u043d\u0438\u0435 \u0432\u0435\u0434\u0435\u0442\u0441\u044f \u0437\u0430 \u0441\u0447\u0435\u0442 \u0433\u043b\u0443\u0431\u043e\u043a\u043e\u0433\u043e&nbsp;\u043f\u0440\u043e\u0433\u0440\u0435\u0432\u0430\u043d\u0438\u044f&nbsp;\u0438&nbsp;\u0432\u0438\u0431\u0440\u0430\u0446\u0438\u043e\u043d\u043d\u043e\u0433\u043e \u0432\u043e\u0437\u0434\u0435\u0439\u0441\u0442\u0432\u0438\u044f&nbsp;\u043d\u0430 \u0442\u043a\u0430\u043d\u0438, \u0441\u043e\u0441\u0443\u0434\u044b, \u0441\u0432\u044f\u0437\u043a\u0438 \u0438 \u043c\u044b\u0448\u0446\u044b. \u0423\u0434\u0430\u0440\u043d\u043e-\u0434\u0438\u043d\u0430\u043c\u0438\u0447\u0435\u0441\u043a\u0438\u0439 \u043c\u0430\u0441\u0441\u0430\u0436 \u0430\u043a\u0442\u0438\u0432\u0438\u0437\u0438\u0440\u0443\u0435\u0442 \u043a\u0440\u043e\u0432\u043e\u043e\u0431\u0440\u0430\u0449\u0435\u043d\u0438\u0435, \u043b\u0438\u043c\u0444\u043e\u0442\u043e\u043a, [&hellip;]<\/p>","protected":false},"author":1,"featured_media":0,"parent":0,"menu_order":0,"comment_status":"closed","ping_status":"closed","template":"elementor_header_footer","meta":{"footnotes":""},"class_list":["post-655","page","type-page","status-publish","hentry"],"_links":{"self":[{"href":"https:\/\/pravilo.md\/ro\/wp-json\/wp\/v2\/pages\/655","targetHints":{"allow":["GET"]}}],"collection":[{"href":"https:\/\/pravilo.md\/ro\/wp-json\/wp\/v2\/pages"}],"about":[{"href":"https:\/\/pravilo.md\/ro\/wp-json\/wp\/v2\/types\/page"}],"author":[{"embeddable":true,"href":"https:\/\/pravilo.md\/ro\/wp-json\/wp\/v2\/users\/1"}],"replies":[{"embeddable":true,"href":"https:\/\/pravilo.md\/ro\/wp-json\/wp\/v2\/comments?post=655"}],"version-history":[{"count":1,"href":"https:\/\/pravilo.md\/ro\/wp-json\/wp\/v2\/pages\/655\/revisions"}],"predecessor-version":[{"id":658,"href":"https:\/\/pravilo.md\/ro\/wp-json\/wp\/v2\/pages\/655\/revisions\/658"}],"wp:attachment":[{"href":"https:\/\/pravilo.md\/ro\/wp-json\/wp\/v2\/media?parent=655"}],"curies":[{"name":"wp","href":"https:\/\/api.w.org\/{rel}","templated":true}]}}