{"id":687,"date":"2021-03-11T19:48:23","date_gmt":"2021-03-11T19:48:23","guid":{"rendered":"https:\/\/pravilo.md\/?page_id=687"},"modified":"2021-04-01T18:27:05","modified_gmt":"2021-04-01T18:27:05","slug":"bamboo","status":"publish","type":"page","link":"https:\/\/pravilo.md\/ro\/packages\/bamboo\/","title":{"rendered":"Masaj cu m\u0103turi de bambus"},"content":{"rendered":"<figure class=\"wp-block-image size-large\"><img loading=\"lazy\" decoding=\"async\" width=\"1024\" height=\"376\" src=\"https:\/\/pravilo.md\/wp-content\/uploads\/2021\/03\/4.8-\u043c\u0430\u0441\u0441\u0430\u0436-\u0431\u0430\u043c\u0431\u0443\u043a\u043e\u0432\u044b\u043c\u0438-\u0432\u0435\u043d\u0438\u043a\u0430\u043c\u04381-1024x376.jpg\" alt=\"\" class=\"wp-image-688\" srcset=\"https:\/\/pravilo.md\/wp-content\/uploads\/2021\/03\/4.8-\u043c\u0430\u0441\u0441\u0430\u0436-\u0431\u0430\u043c\u0431\u0443\u043a\u043e\u0432\u044b\u043c\u0438-\u0432\u0435\u043d\u0438\u043a\u0430\u043c\u04381-1024x376.jpg 1024w, https:\/\/pravilo.md\/wp-content\/uploads\/2021\/03\/4.8-\u043c\u0430\u0441\u0441\u0430\u0436-\u0431\u0430\u043c\u0431\u0443\u043a\u043e\u0432\u044b\u043c\u0438-\u0432\u0435\u043d\u0438\u043a\u0430\u043c\u04381-300x110.jpg 300w, https:\/\/pravilo.md\/wp-content\/uploads\/2021\/03\/4.8-\u043c\u0430\u0441\u0441\u0430\u0436-\u0431\u0430\u043c\u0431\u0443\u043a\u043e\u0432\u044b\u043c\u0438-\u0432\u0435\u043d\u0438\u043a\u0430\u043c\u04381-768x282.jpg 768w, https:\/\/pravilo.md\/wp-content\/uploads\/2021\/03\/4.8-\u043c\u0430\u0441\u0441\u0430\u0436-\u0431\u0430\u043c\u0431\u0443\u043a\u043e\u0432\u044b\u043c\u0438-\u0432\u0435\u043d\u0438\u043a\u0430\u043c\u04381-16x6.jpg 16w, https:\/\/pravilo.md\/wp-content\/uploads\/2021\/03\/4.8-\u043c\u0430\u0441\u0441\u0430\u0436-\u0431\u0430\u043c\u0431\u0443\u043a\u043e\u0432\u044b\u043c\u0438-\u0432\u0435\u043d\u0438\u043a\u0430\u043c\u04381.jpg 1360w\" sizes=\"auto, (max-width: 1024px) 100vw, 1024px\" \/><\/figure>\n\n\n\n<p>Masa\u021bi cu m\u0103turi de bambus - o pl\u0103cere pentru cei sofistica\u021bi<\/p>\n\n\n\n<p>Masajul cu m\u0103turi de bambus este o tehnic\u0103 unic\u0103 de rezonan\u021b\u0103 a \u0219ocurilor care este utilizat\u0103 \u00een Japonia, America de Nord \u0219i de Sud. De mult timp, s-a crezut c\u0103 atingerea unui anumit ritm ajut\u0103 la ameliorarea poverii grijilor \u0219i la ob\u021binerea unei st\u0103ri de relaxare profund\u0103.<\/p>\n\n\n\n<p>Nu exist\u0103 o modalitate mai bun\u0103 de relaxare \u0219i \u00eentinerire complet\u0103 dup\u0103 o zi lung\u0103 de munc\u0103!<\/p>\n\n\n\n<p>Pentru masaj, se folosesc m\u0103turi speciale, care constau din be\u021be sub\u021biri de bambus legate \u00eentr-un pachet.<\/p>\n\n\n\n<p>Masajul cu m\u0103turi de bambus beneficiaz\u0103 \u00eentregul corp \u0219i v\u0103 permite s\u0103 viza\u021bi zonele cu probleme. Cu ajutorul acestuia este u\u0219or s\u0103 sc\u0103pa\u021bi de:<\/p>\n\n\n\n<ul class=\"wp-block-list\"><li>durere \u0219i tensiune la nivelul mu\u0219chilor,<\/li><li>tulbur\u0103ri circulatorii,<\/li><li>oboseal\u0103 \u0219i insomnie,<\/li><li>stres,<\/li><li>manifest\u0103ri ale celulitei.<\/li><\/ul>\n\n\n\n<p>Procedura se efectueaz\u0103 pe o mas\u0103 special\u0103 de masaj. Pentru a oferi vibra\u021bii suplimentare, \u00eenainte de masaj, corpul clientului este frecat cu un b\u0103\u021b de bambus special umplut cu nisip fin. Pentru a facilita alunecarea, se folosesc diverse uleiuri naturale - nuc\u0219oar\u0103, migdale \u0219i altele. Apoi trece\u021bi direct la masaj. Procedura efectuat\u0103 de un specialist cu experien\u021b\u0103 va mul\u021bumi pe toat\u0103 lumea \u0219i va da o mul\u021bime de emo\u021bii pozitive!<\/p>\n\n\n\n<figure class=\"wp-block-image size-large\"><img loading=\"lazy\" decoding=\"async\" width=\"780\" height=\"390\" src=\"https:\/\/pravilo.md\/wp-content\/uploads\/2021\/03\/4.8-\u043c\u0430\u0441\u0441\u0430\u0436-\u0431\u0430\u043c\u0431\u0443\u043a\u043e\u0432\u044b\u043c\u0438-\u0432\u0435\u043d\u0438\u043a\u0430\u043c\u04382.jpg\" alt=\"\" class=\"wp-image-689\" srcset=\"https:\/\/pravilo.md\/wp-content\/uploads\/2021\/03\/4.8-\u043c\u0430\u0441\u0441\u0430\u0436-\u0431\u0430\u043c\u0431\u0443\u043a\u043e\u0432\u044b\u043c\u0438-\u0432\u0435\u043d\u0438\u043a\u0430\u043c\u04382.jpg 780w, https:\/\/pravilo.md\/wp-content\/uploads\/2021\/03\/4.8-\u043c\u0430\u0441\u0441\u0430\u0436-\u0431\u0430\u043c\u0431\u0443\u043a\u043e\u0432\u044b\u043c\u0438-\u0432\u0435\u043d\u0438\u043a\u0430\u043c\u04382-300x150.jpg 300w, https:\/\/pravilo.md\/wp-content\/uploads\/2021\/03\/4.8-\u043c\u0430\u0441\u0441\u0430\u0436-\u0431\u0430\u043c\u0431\u0443\u043a\u043e\u0432\u044b\u043c\u0438-\u0432\u0435\u043d\u0438\u043a\u0430\u043c\u04382-768x384.jpg 768w, https:\/\/pravilo.md\/wp-content\/uploads\/2021\/03\/4.8-\u043c\u0430\u0441\u0441\u0430\u0436-\u0431\u0430\u043c\u0431\u0443\u043a\u043e\u0432\u044b\u043c\u0438-\u0432\u0435\u043d\u0438\u043a\u0430\u043c\u04382-16x8.jpg 16w\" sizes=\"auto, (max-width: 780px) 100vw, 780px\" \/><\/figure>\n\n\n\n<p>Masajul cu m\u0103turi de bambus nu numai c\u0103 amelioreaz\u0103 oboseala, ci \u0219i \u00eembun\u0103t\u0103\u021be\u0219te \u00een mod vizibil starea pielii. Va fi deosebit de util pentru reprezentan\u021bii frumoasei jum\u0103t\u0103\u021bi a umanit\u0103\u021bii - cu ajutorul s\u0103u, pute\u021bi reduce aspectul celulitei. Pielea va deveni din nou neted\u0103, ferm\u0103 \u0219i elastic\u0103! Pentru a ob\u021bine rezultatul maxim, se recomand\u0103 parcurgerea unui curs complet de 10-15 proceduri<\/p>","protected":false},"excerpt":{"rendered":"<p>\u041c\u0430\u0441\u0441\u0430\u0436 \u0431\u0430\u043c\u0431\u0443\u043a\u043e\u0432\u044b\u043c\u0438 \u0432\u0435\u043d\u0438\u043a\u0430\u043c\u0438 \u2014 \u0443\u0434\u043e\u0432\u043e\u043b\u044c\u0441\u0442\u0432\u0438\u0435 \u0434\u043b\u044f \u0438\u0441\u043a\u0443\u0448\u0435\u043d\u043d\u044b\u0445 \u041c\u0430\u0441\u0441\u0430\u0436 \u0431\u0430\u043c\u0431\u0443\u043a\u043e\u0432\u044b\u043c\u0438 \u0432\u0435\u043d\u0438\u043a\u0430\u043c\u0438 \u2014 \u0443\u043d\u0438\u043a\u0430\u043b\u044c\u043d\u0430\u044f \u0443\u0434\u0430\u0440\u043d\u043e-\u0440\u0435\u0437\u043e\u043d\u0430\u043d\u0441\u043d\u0430\u044f \u0442\u0435\u0445\u043d\u0438\u043a\u0430, \u043a\u043e\u0442\u043e\u0440\u0443\u044e \u043f\u0440\u0438\u043c\u0435\u043d\u044f\u044e\u0442 \u0432 \u042f\u043f\u043e\u043d\u0438\u0438, \u0421\u0435\u0432\u0435\u0440\u043d\u043e\u0439 \u0438 \u042e\u0436\u043d\u043e\u0439 \u0410\u043c\u0435\u0440\u0438\u043a\u0435. \u0421 \u0434\u0430\u0432\u043d\u0438\u0445 \u043f\u043e\u0440 \u0441\u0447\u0438\u0442\u0430\u0435\u0442\u0441\u044f, \u0447\u0442\u043e \u043f\u043e\u0441\u0442\u0443\u043a\u0438\u0432\u0430\u043d\u0438\u044f \u0432 \u043e\u043f\u0440\u0435\u0434\u0435\u043b\u0435\u043d\u043d\u043e\u043c \u0440\u0438\u0442\u043c\u0435 \u043f\u043e\u043c\u043e\u0433\u0430\u044e\u0442 \u0441\u0431\u0440\u043e\u0441\u0438\u0442\u044c \u0433\u0440\u0443\u0437 \u0437\u0430\u0431\u043e\u0442 \u0438 \u0434\u043e\u0441\u0442\u0438\u0447\u044c \u0441\u043e\u0441\u0442\u043e\u044f\u043d\u0438\u044f \u0433\u043b\u0443\u0431\u043e\u043a\u043e\u0439 \u0440\u0435\u043b\u0430\u043a\u0441\u0430\u0446\u0438\u0438. \u041d\u0435\u0442 \u043b\u0443\u0447\u0448\u0435\u0433\u043e \u0441\u043f\u043e\u0441\u043e\u0431\u0430 \u0440\u0430\u0441\u0441\u043b\u0430\u0431\u0438\u0442\u044c\u0441\u044f \u0438 \u043f\u043e\u043b\u043d\u043e\u0441\u0442\u044c\u044e \u0432\u043e\u0441\u0441\u0442\u0430\u043d\u043e\u0432\u0438\u0442\u044c \u0441\u0438\u043b\u044b \u043f\u043e\u0441\u043b\u0435 \u0434\u043e\u043b\u0433\u043e\u0433\u043e \u0442\u0440\u0443\u0434\u043e\u0432\u043e\u0433\u043e \u0434\u043d\u044f! \u0414\u043b\u044f \u043c\u0430\u0441\u0441\u0430\u0436\u0430 \u0438\u0441\u043f\u043e\u043b\u044c\u0437\u0443\u044e\u0442 [&hellip;]<\/p>","protected":false},"author":1,"featured_media":0,"parent":275,"menu_order":0,"comment_status":"closed","ping_status":"closed","template":"elementor_header_footer","meta":{"footnotes":""},"class_list":["post-687","page","type-page","status-publish","hentry"],"_links":{"self":[{"href":"https:\/\/pravilo.md\/ro\/wp-json\/wp\/v2\/pages\/687","targetHints":{"allow":["GET"]}}],"collection":[{"href":"https:\/\/pravilo.md\/ro\/wp-json\/wp\/v2\/pages"}],"about":[{"href":"https:\/\/pravilo.md\/ro\/wp-json\/wp\/v2\/types\/page"}],"author":[{"embeddable":true,"href":"https:\/\/pravilo.md\/ro\/wp-json\/wp\/v2\/users\/1"}],"replies":[{"embeddable":true,"href":"https:\/\/pravilo.md\/ro\/wp-json\/wp\/v2\/comments?post=687"}],"version-history":[{"count":2,"href":"https:\/\/pravilo.md\/ro\/wp-json\/wp\/v2\/pages\/687\/revisions"}],"predecessor-version":[{"id":1544,"href":"https:\/\/pravilo.md\/ro\/wp-json\/wp\/v2\/pages\/687\/revisions\/1544"}],"up":[{"embeddable":true,"href":"https:\/\/pravilo.md\/ro\/wp-json\/wp\/v2\/pages\/275"}],"wp:attachment":[{"href":"https:\/\/pravilo.md\/ro\/wp-json\/wp\/v2\/media?parent=687"}],"curies":[{"name":"wp","href":"https:\/\/api.w.org\/{rel}","templated":true}]}}